{"id":8,"date":"2024-01-11T00:18:31","date_gmt":"2024-01-10T23:18:31","guid":{"rendered":"https:\/\/deepclean.com.gt\/?page_id=8"},"modified":"2024-01-18T16:33:37","modified_gmt":"2024-01-18T15:33:37","slug":"inicio","status":"publish","type":"page","link":"https:\/\/deepclean.com.gt\/","title":{"rendered":"INICIO"},"content":{"rendered":"\t\t<div data-elementor-type=\"wp-page\" data-elementor-id=\"8\" class=\"elementor elementor-8\">\n\t\t\t\t<div class=\"elementor-element elementor-element-4a60079 e-con-full e-flex e-con e-parent\" data-id=\"4a60079\" data-element_type=\"container\" data-e-type=\"container\" data-settings=\"{&quot;background_background&quot;:&quot;classic&quot;}\">\n\t\t\t\t<div class=\"elementor-element elementor-element-5c57663 elementor-widget elementor-widget-text-editor\" data-id=\"5c57663\" data-element_type=\"widget\" data-e-type=\"widget\" data-widget_type=\"text-editor.default\">\n\t\t\t\t<div class=\"elementor-widget-container\">\n\t\t\t\t\t\t\t\t\t<h5 style=\"text-align: center;\">Somos su mejor aliado en la administraci\u00f3n de recursos para la excelencia en el mantenimiento de sus instalaciones.<\/h5><h5 style=\"text-align: center;\">Para nosotros en DeepClean usted y sus requerimientos son primordiales.\u00a0 Nuestro servicio va acompa\u00f1ado de la garant\u00eda por satisfacci\u00f3n al cliente.<\/h5><h3 style=\"text-align: center;\"><span style=\"color: #ffa200;\"><b>\u00a1Usted es el activo m\u00e1s importante!<\/b><\/span><\/h3>\t\t\t\t\t\t\t\t<\/div>\n\t\t\t\t<\/div>\n\t\t\t\t<\/div>\n\t\t<div class=\"elementor-element elementor-element-fd43a44 e-flex e-con-boxed e-con e-parent\" data-id=\"fd43a44\" data-element_type=\"container\" data-e-type=\"container\">\n\t\t\t\t\t<div class=\"e-con-inner\">\n\t\t\t\t<div class=\"elementor-element elementor-element-fe76d7e elementor-widget elementor-widget-text-editor\" data-id=\"fe76d7e\" data-element_type=\"widget\" data-e-type=\"widget\" data-widget_type=\"text-editor.default\">\n\t\t\t\t<div class=\"elementor-widget-container\">\n\t\t\t\t\t\t\t\t\t<h2 style=\"text-align: center;\"><span style=\"color: #05427b;\">NUESTROS SERVICIOS<\/span><\/h2>\t\t\t\t\t\t\t\t<\/div>\n\t\t\t\t<\/div>\n\t\t\t\t\t<\/div>\n\t\t\t\t<\/div>\n\t\t<div class=\"elementor-element elementor-element-61afa23 e-con-full e-flex e-con e-parent\" data-id=\"61afa23\" data-element_type=\"container\" data-e-type=\"container\">\n\t\t<div class=\"elementor-element elementor-element-7ad22cb e-con-full e-flex e-con e-child\" data-id=\"7ad22cb\" data-element_type=\"container\" data-e-type=\"container\">\n\t\t\t\t<div class=\"elementor-element elementor-element-d4c3939 elementor-widget elementor-widget-text-editor\" data-id=\"d4c3939\" data-element_type=\"widget\" data-e-type=\"widget\" data-widget_type=\"text-editor.default\">\n\t\t\t\t<div class=\"elementor-widget-container\">\n\t\t\t\t\t\t\t\t\t<h5 style=\"text-align: center;\"><a href=\"https:\/\/deepclean.com.gt\/index.php\/servicios\/\"><img fetchpriority=\"high\" decoding=\"async\" class=\"wp-image-369 size-full aligncenter\" src=\"https:\/\/deepclean.com.gt\/wp-content\/uploads\/2024\/01\/servicio1a.jpg\" alt=\"\" width=\"300\" height=\"200\" \/><\/a><a href=\"https:\/\/deepclean.com.gt\/index.php\/servicios\/\"><span style=\"color: #05427b;\">MANTENIMIENTO DE CONDOMINIOS<\/span><\/a>\u00a0<\/h5>\t\t\t\t\t\t\t\t<\/div>\n\t\t\t\t<\/div>\n\t\t\t\t<\/div>\n\t\t<div class=\"elementor-element elementor-element-778404d e-con-full e-flex e-con e-child\" data-id=\"778404d\" data-element_type=\"container\" data-e-type=\"container\">\n\t\t\t\t<div class=\"elementor-element elementor-element-bc48fd6 elementor-widget elementor-widget-text-editor\" data-id=\"bc48fd6\" data-element_type=\"widget\" data-e-type=\"widget\" data-widget_type=\"text-editor.default\">\n\t\t\t\t<div class=\"elementor-widget-container\">\n\t\t\t\t\t\t\t\t\t<h5 style=\"text-align: center;\"><a href=\"https:\/\/deepclean.com.gt\/index.php\/servicios\/\"><img decoding=\"async\" class=\"wp-image-375 size-full aligncenter\" src=\"https:\/\/deepclean.com.gt\/wp-content\/uploads\/2024\/01\/servicios6.jpg\" alt=\"\" width=\"300\" height=\"200\" \/>MANTENIMIENTO DE EDIFICIOS Y CENTROS COMERCIALES<\/a><\/h5>\t\t\t\t\t\t\t\t<\/div>\n\t\t\t\t<\/div>\n\t\t\t\t<\/div>\n\t\t<div class=\"elementor-element elementor-element-440c6c9 e-con-full e-flex e-con e-child\" data-id=\"440c6c9\" data-element_type=\"container\" data-e-type=\"container\">\n\t\t\t\t<div class=\"elementor-element elementor-element-3335dde elementor-widget elementor-widget-text-editor\" data-id=\"3335dde\" data-element_type=\"widget\" data-e-type=\"widget\" data-widget_type=\"text-editor.default\">\n\t\t\t\t<div class=\"elementor-widget-container\">\n\t\t\t\t\t\t\t\t\t<h5 style=\"text-align: center;\"><a href=\"https:\/\/deepclean.com.gt\/index.php\/servicios\/\"><img decoding=\"async\" class=\"wp-image-373 size-full aligncenter\" src=\"https:\/\/deepclean.com.gt\/wp-content\/uploads\/2024\/01\/servicio2a.jpg\" alt=\"\" width=\"300\" height=\"200\" \/><\/a><a href=\"https:\/\/deepclean.com.gt\/index.php\/servicios\/\"><span style=\"color: #05427b;\">LIMPIEZA DE OFICINAS<\/span><\/a><\/h5>\t\t\t\t\t\t\t\t<\/div>\n\t\t\t\t<\/div>\n\t\t\t\t<\/div>\n\t\t<div class=\"elementor-element elementor-element-25c89e2 e-con-full e-flex e-con e-child\" data-id=\"25c89e2\" data-element_type=\"container\" data-e-type=\"container\">\n\t\t\t\t<div class=\"elementor-element elementor-element-ad03c13 elementor-widget elementor-widget-text-editor\" data-id=\"ad03c13\" data-element_type=\"widget\" data-e-type=\"widget\" data-widget_type=\"text-editor.default\">\n\t\t\t\t<div class=\"elementor-widget-container\">\n\t\t\t\t\t\t\t\t\t<h5 style=\"text-align: center;\"><a href=\"https:\/\/deepclean.com.gt\/index.php\/servicios\/\"><img loading=\"lazy\" decoding=\"async\" class=\"wp-image-377 size-full aligncenter\" src=\"https:\/\/deepclean.com.gt\/wp-content\/uploads\/2024\/01\/servicios7.jpg\" alt=\"\" width=\"300\" height=\"200\" \/><\/a><a href=\"https:\/\/deepclean.com.gt\/index.php\/servicios\/\"><span style=\"color: #05427b;\">OUTSOURCING<\/span><\/a><\/h5>\t\t\t\t\t\t\t\t<\/div>\n\t\t\t\t<\/div>\n\t\t\t\t<\/div>\n\t\t\t\t<\/div>\n\t\t<div class=\"elementor-element elementor-element-035894f e-flex e-con-boxed e-con e-parent\" data-id=\"035894f\" data-element_type=\"container\" data-e-type=\"container\">\n\t\t\t\t\t<div class=\"e-con-inner\">\n\t\t\t\t<div class=\"elementor-element elementor-element-b1e66d0 elementor-widget elementor-widget-text-editor\" data-id=\"b1e66d0\" data-element_type=\"widget\" data-e-type=\"widget\" data-widget_type=\"text-editor.default\">\n\t\t\t\t<div class=\"elementor-widget-container\">\n\t\t\t\t\t\t\t\t\t<h2 style=\"text-align: center;\"><span style=\"color: #000000;\">ESCR\u00cdBANOS<\/span><\/h2>\n<style id=\"wpforms-css-vars-112\">\n\t\t\t\t#wpforms-112 {\n\t\t\t\t--wpforms-container-padding: 0px;\n--wpforms-container-border-width: 1px;\n--wpforms-container-border-radius: 3px;\n--wpforms-background-color: rgba(0, 0, 0, 0);\n--wpforms-field-size-input-height: 43px;\n--wpforms-field-size-input-spacing: 15px;\n--wpforms-field-size-font-size: 16px;\n--wpforms-field-size-line-height: 19px;\n--wpforms-field-size-padding-h: 14px;\n--wpforms-field-size-checkbox-size: 16px;\n--wpforms-field-size-sublabel-spacing: 5px;\n--wpforms-field-size-icon-size: 1;\n--wpforms-label-size-font-size: 16px;\n--wpforms-label-size-line-height: 19px;\n--wpforms-label-size-sublabel-font-size: 14px;\n--wpforms-label-size-sublabel-line-height: 17px;\n--wpforms-button-size-font-size: 17px;\n--wpforms-button-size-height: 41px;\n--wpforms-button-size-padding-h: 15px;\n--wpforms-button-size-margin-top: 10px;\n--wpforms-container-shadow-size-box-shadow: none;\n\t\t\t}\n\t\t\t<\/style><div class=\"wpforms-container wpforms-container-full wpforms-render-modern\" id=\"wpforms-112\"><form id=\"wpforms-form-112\" class=\"wpforms-validate wpforms-form wpforms-ajax-form\" data-formid=\"112\" method=\"post\" enctype=\"multipart\/form-data\" action=\"\/index.php\/wp-json\/wp\/v2\/pages\/8\" data-token=\"97ed4473fa62c99a531b052b39e61e24\" data-token-time=\"1778498618\"><noscript class=\"wpforms-error-noscript\">Please enable JavaScript in your browser to complete this form.<\/noscript><div id=\"wpforms-error-noscript\" style=\"display: none;\">Please enable JavaScript in your browser to complete this form.<\/div><div class=\"wpforms-field-container\"><div id=\"wpforms-112-field_0-container\" class=\"wpforms-field wpforms-field-name\" data-field-id=\"0\"><label class=\"wpforms-field-label\" for=\"wpforms-112-field_0\">Nombre <span class=\"wpforms-required-label\" aria-hidden=\"true\">*<\/span><\/label><input type=\"text\" id=\"wpforms-112-field_0\" class=\"wpforms-field-medium wpforms-field-required\" name=\"wpforms[fields][0]\" aria-errormessage=\"wpforms-112-field_0-error\" required><\/div><div id=\"wpforms-112-field_4-container\" class=\"wpforms-field wpforms-field-name\" data-field-id=\"4\"><label class=\"wpforms-field-label\" for=\"wpforms-112-field_4\">Tel\u00e9fonos <span class=\"wpforms-required-label\" aria-hidden=\"true\">*<\/span><\/label><input type=\"text\" id=\"wpforms-112-field_4\" class=\"wpforms-field-medium wpforms-field-required\" name=\"wpforms[fields][4]\" aria-errormessage=\"wpforms-112-field_4-error\" required><\/div><div id=\"wpforms-112-field_1-container\" class=\"wpforms-field wpforms-field-email\" data-field-id=\"1\"><label class=\"wpforms-field-label\" for=\"wpforms-112-field_1\">Correo electr\u00f3nico <span class=\"wpforms-required-label\" aria-hidden=\"true\">*<\/span><\/label><input type=\"email\" id=\"wpforms-112-field_1\" class=\"wpforms-field-medium wpforms-field-required\" name=\"wpforms[fields][1]\" spellcheck=\"false\" aria-errormessage=\"wpforms-112-field_1-error\" required><\/div><div id=\"wpforms-112-field_2-container\" class=\"wpforms-field wpforms-field-textarea\" data-field-id=\"2\"><label class=\"wpforms-field-label\" for=\"wpforms-112-field_2\">Comentario o mensaje<\/label><textarea id=\"wpforms-112-field_2\" class=\"wpforms-field-small\" name=\"wpforms[fields][2]\" aria-errormessage=\"wpforms-112-field_2-error\" ><\/textarea><\/div><\/div><!-- .wpforms-field-container --><div class=\"wpforms-submit-container\" ><input type=\"hidden\" name=\"wpforms[id]\" value=\"112\"><input type=\"hidden\" name=\"page_title\" value=\"\"><input type=\"hidden\" name=\"page_url\" value=\"https:\/\/deepclean.com.gt\/index.php\/wp-json\/wp\/v2\/pages\/8\"><input type=\"hidden\" name=\"url_referer\" value=\"\"><button type=\"submit\" name=\"wpforms[submit]\" id=\"wpforms-submit-112\" class=\"wpforms-submit\" data-alt-text=\"Enviando...\" data-submit-text=\"Enviar\" aria-live=\"assertive\" value=\"wpforms-submit\">Enviar<\/button><img loading=\"lazy\" decoding=\"async\" src=\"https:\/\/deepclean.com.gt\/wp-content\/plugins\/wpforms-lite\/assets\/images\/submit-spin.svg\" class=\"wpforms-submit-spinner\" style=\"display: none;\" width=\"26\" height=\"26\" alt=\"Loading\"><\/div><\/form><\/div>  <!-- .wpforms-container -->\t\t\t\t\t\t\t\t<\/div>\n\t\t\t\t<\/div>\n\t\t\t\t\t<\/div>\n\t\t\t\t<\/div>\n\t\t<div class=\"elementor-element elementor-element-2d2d30a e-con-full e-flex e-con e-parent\" data-id=\"2d2d30a\" data-element_type=\"container\" data-e-type=\"container\" data-settings=\"{&quot;background_background&quot;:&quot;classic&quot;}\">\n\t\t<div class=\"elementor-element elementor-element-4ce11aa e-con-full e-flex e-con e-child\" data-id=\"4ce11aa\" data-element_type=\"container\" data-e-type=\"container\">\n\t\t\t\t<div class=\"elementor-element elementor-element-ecc0460 elementor-widget elementor-widget-text-editor\" data-id=\"ecc0460\" data-element_type=\"widget\" data-e-type=\"widget\" data-widget_type=\"text-editor.default\">\n\t\t\t\t<div class=\"elementor-widget-container\">\n\t\t\t\t\t\t\t\t\t<h4 style=\"text-align: center;\">Contacto<\/h4><h5 style=\"text-align: center;\"><img loading=\"lazy\" decoding=\"async\" class=\"wp-image-427 alignnone\" src=\"https:\/\/deepclean.com.gt\/wp-content\/uploads\/2024\/01\/tel2.png\" alt=\"\" width=\"30\" height=\"30\" \/>\u00a0 \u00a0PBX: +(502) 2339-1395<br \/><img loading=\"lazy\" decoding=\"async\" class=\"wp-image-428 alignnone\" src=\"https:\/\/deepclean.com.gt\/wp-content\/uploads\/2024\/01\/tel3.png\" alt=\"\" width=\"30\" height=\"30\" \/>\u00a0 \u00a0MOVILES: +(502) 5865 3301 \u2022 4583-5086<\/h5>\t\t\t\t\t\t\t\t<\/div>\n\t\t\t\t<\/div>\n\t\t\t\t<\/div>\n\t\t<div class=\"elementor-element elementor-element-66b0140 e-con-full e-flex e-con e-child\" data-id=\"66b0140\" data-element_type=\"container\" data-e-type=\"container\">\n\t\t\t\t<div class=\"elementor-element elementor-element-42d4dc1 elementor-widget elementor-widget-text-editor\" data-id=\"42d4dc1\" data-element_type=\"widget\" data-e-type=\"widget\" data-widget_type=\"text-editor.default\">\n\t\t\t\t<div class=\"elementor-widget-container\">\n\t\t\t\t\t\t\t\t\t<p><img loading=\"lazy\" decoding=\"async\" class=\"wp-image-135 aligncenter\" src=\"https:\/\/deepclean.com.gt\/wp-content\/uploads\/2024\/01\/logopngB.png\" alt=\"\" width=\"154\" height=\"141\" srcset=\"https:\/\/deepclean.com.gt\/wp-content\/uploads\/2024\/01\/logopngB.png 681w, https:\/\/deepclean.com.gt\/wp-content\/uploads\/2024\/01\/logopngB-300x276.png 300w\" sizes=\"(max-width: 154px) 100vw, 154px\" \/><\/p>\t\t\t\t\t\t\t\t<\/div>\n\t\t\t\t<\/div>\n\t\t\t\t<\/div>\n\t\t<div class=\"elementor-element elementor-element-46fedad e-con-full e-flex e-con e-child\" data-id=\"46fedad\" data-element_type=\"container\" data-e-type=\"container\">\n\t\t\t\t<div class=\"elementor-element elementor-element-12ea22f elementor-widget elementor-widget-text-editor\" data-id=\"12ea22f\" data-element_type=\"widget\" data-e-type=\"widget\" data-widget_type=\"text-editor.default\">\n\t\t\t\t<div class=\"elementor-widget-container\">\n\t\t\t\t\t\t\t\t\t<h4 style=\"text-align: center;\">Horario de Atenci\u00f3n<\/h4><h6 style=\"text-align: center;\">Lunes a Viernes:<br \/>8:00 AM a 6:00 PM<br \/>S\u00e1bados:<br \/>8:00 AM a 12:00 PM<\/h6>\t\t\t\t\t\t\t\t<\/div>\n\t\t\t\t<\/div>\n\t\t\t\t<\/div>\n\t\t\t\t<\/div>\n\t\t\t\t<\/div>\n\t\t","protected":false},"excerpt":{"rendered":"<p>Somos su mejor aliado en la administraci\u00f3n de recursos para la excelencia en el mantenimiento de sus instalaciones. Para nosotros en DeepClean usted y sus requerimientos son primordiales.\u00a0 Nuestro servicio va acompa\u00f1ado<a class=\"moretag\" href=\"https:\/\/deepclean.com.gt\/\">Read More&#8230;<\/a><\/p>\n","protected":false},"author":1,"featured_media":0,"parent":0,"menu_order":0,"comment_status":"closed","ping_status":"closed","template":"elementor_header_footer","meta":{"footnotes":""},"class_list":["post-8","page","type-page","status-publish","hentry"],"_links":{"self":[{"href":"https:\/\/deepclean.com.gt\/index.php\/wp-json\/wp\/v2\/pages\/8","targetHints":{"allow":["GET"]}}],"collection":[{"href":"https:\/\/deepclean.com.gt\/index.php\/wp-json\/wp\/v2\/pages"}],"about":[{"href":"https:\/\/deepclean.com.gt\/index.php\/wp-json\/wp\/v2\/types\/page"}],"author":[{"embeddable":true,"href":"https:\/\/deepclean.com.gt\/index.php\/wp-json\/wp\/v2\/users\/1"}],"replies":[{"embeddable":true,"href":"https:\/\/deepclean.com.gt\/index.php\/wp-json\/wp\/v2\/comments?post=8"}],"version-history":[{"count":154,"href":"https:\/\/deepclean.com.gt\/index.php\/wp-json\/wp\/v2\/pages\/8\/revisions"}],"predecessor-version":[{"id":572,"href":"https:\/\/deepclean.com.gt\/index.php\/wp-json\/wp\/v2\/pages\/8\/revisions\/572"}],"wp:attachment":[{"href":"https:\/\/deepclean.com.gt\/index.php\/wp-json\/wp\/v2\/media?parent=8"}],"curies":[{"name":"wp","href":"https:\/\/api.w.org\/{rel}","templated":true}]}}