{"id":32,"date":"2024-01-12T17:03:00","date_gmt":"2024-01-12T16:03:00","guid":{"rendered":"https:\/\/deepclean.com.gt\/?page_id=32"},"modified":"2024-07-26T02:15:14","modified_gmt":"2024-07-26T00:15:14","slug":"contacto","status":"publish","type":"page","link":"https:\/\/deepclean.com.gt\/index.php\/contacto\/","title":{"rendered":"CONTACTO"},"content":{"rendered":"\t\t<div data-elementor-type=\"wp-page\" data-elementor-id=\"32\" class=\"elementor elementor-32\">\n\t\t\t\t<div class=\"elementor-element elementor-element-0407b88 e-con-full e-flex e-con e-parent\" data-id=\"0407b88\" data-element_type=\"container\" data-e-type=\"container\">\n\t\t\t\t<div class=\"elementor-element elementor-element-240b73c elementor-widget elementor-widget-image\" data-id=\"240b73c\" data-element_type=\"widget\" data-e-type=\"widget\" data-widget_type=\"image.default\">\n\t\t\t\t<div class=\"elementor-widget-container\">\n\t\t\t\t\t\t\t\t\t\t\t\t\t\t\t<img fetchpriority=\"high\" decoding=\"async\" width=\"1920\" height=\"350\" src=\"https:\/\/deepclean.com.gt\/wp-content\/uploads\/2024\/01\/contacto.jpg\" class=\"attachment-full size-full wp-image-306\" alt=\"\" srcset=\"https:\/\/deepclean.com.gt\/wp-content\/uploads\/2024\/01\/contacto.jpg 1920w, https:\/\/deepclean.com.gt\/wp-content\/uploads\/2024\/01\/contacto-300x55.jpg 300w, https:\/\/deepclean.com.gt\/wp-content\/uploads\/2024\/01\/contacto-1024x187.jpg 1024w, https:\/\/deepclean.com.gt\/wp-content\/uploads\/2024\/01\/contacto-768x140.jpg 768w, https:\/\/deepclean.com.gt\/wp-content\/uploads\/2024\/01\/contacto-1536x280.jpg 1536w\" sizes=\"(max-width: 1920px) 100vw, 1920px\" \/>\t\t\t\t\t\t\t\t\t\t\t\t\t\t\t<\/div>\n\t\t\t\t<\/div>\n\t\t\t\t<\/div>\n\t\t<div class=\"elementor-element elementor-element-78768f3 e-flex e-con-boxed e-con e-parent\" data-id=\"78768f3\" data-element_type=\"container\" data-e-type=\"container\">\n\t\t\t\t\t<div class=\"e-con-inner\">\n\t\t<div class=\"elementor-element elementor-element-6e1e31b e-con-full e-flex e-con e-child\" data-id=\"6e1e31b\" data-element_type=\"container\" data-e-type=\"container\">\n\t\t\t\t<div class=\"elementor-element elementor-element-393ef2a elementor-widget elementor-widget-text-editor\" data-id=\"393ef2a\" data-element_type=\"widget\" data-e-type=\"widget\" data-widget_type=\"text-editor.default\">\n\t\t\t\t<div class=\"elementor-widget-container\">\n\t\t\t\t\t\t\t\t\t<h2 style=\"text-align: center;\"><span style=\"color: #05417f;\">CONT\u00c1CTENOS<\/span><\/h2><h4 style=\"text-align: center;\"><span style=\"color: #05417f;\">ventas@deepclean.com.gt<\/span><br \/><span style=\"color: #05417f;\">ventas1@deepclean.com.gt<\/span><\/h4><h6 style=\"text-align: center;\"><span style=\"color: #05417f;\">Tel\u00e9fonos de oficina: 2339-1395<\/span><br \/><span style=\"color: #05417f;\">Tel\u00e9fonos de contacto:\u00a0<\/span><span style=\"color: #05417f;\">3990-5448<\/span><span style=\"color: #05417f;\">\u00a0<\/span><br \/><span style=\"color: #05417f;\">WhatsApp: 3990-5448<\/span><\/h6><p style=\"text-align: center;\"><img decoding=\"async\" src=\"https:\/\/deepclean.com.gt\/wp-content\/uploads\/2024\/01\/contactoA-300x183.jpg\" alt=\"\" width=\"400\" height=\"245\" \/><\/p>\t\t\t\t\t\t\t\t<\/div>\n\t\t\t\t<\/div>\n\t\t\t\t<\/div>\n\t\t<div class=\"elementor-element elementor-element-2707346 e-con-full e-flex e-con e-child\" data-id=\"2707346\" data-element_type=\"container\" data-e-type=\"container\">\n\t\t\t\t<div class=\"elementor-element elementor-element-d38ce54 elementor-widget elementor-widget-text-editor\" data-id=\"d38ce54\" data-element_type=\"widget\" data-e-type=\"widget\" data-widget_type=\"text-editor.default\">\n\t\t\t\t<div class=\"elementor-widget-container\">\n\t\t\t\t\t\t\t\t\t<p style=\"text-align: right;\">\u00a0<style id=\"wpforms-css-vars-112\">\n\t\t\t\t#wpforms-112 {\n\t\t\t\t--wpforms-container-padding: 0px;\n--wpforms-container-border-width: 1px;\n--wpforms-container-border-radius: 3px;\n--wpforms-background-color: rgba(0, 0, 0, 0);\n--wpforms-field-size-input-height: 43px;\n--wpforms-field-size-input-spacing: 15px;\n--wpforms-field-size-font-size: 16px;\n--wpforms-field-size-line-height: 19px;\n--wpforms-field-size-padding-h: 14px;\n--wpforms-field-size-checkbox-size: 16px;\n--wpforms-field-size-sublabel-spacing: 5px;\n--wpforms-field-size-icon-size: 1;\n--wpforms-label-size-font-size: 16px;\n--wpforms-label-size-line-height: 19px;\n--wpforms-label-size-sublabel-font-size: 14px;\n--wpforms-label-size-sublabel-line-height: 17px;\n--wpforms-button-size-font-size: 17px;\n--wpforms-button-size-height: 41px;\n--wpforms-button-size-padding-h: 15px;\n--wpforms-button-size-margin-top: 10px;\n--wpforms-container-shadow-size-box-shadow: none;\n\t\t\t}\n\t\t\t<\/style><div class=\"wpforms-container wpforms-container-full wpforms-render-modern\" id=\"wpforms-112\"><form id=\"wpforms-form-112\" class=\"wpforms-validate wpforms-form wpforms-ajax-form\" data-formid=\"112\" method=\"post\" enctype=\"multipart\/form-data\" action=\"\/index.php\/wp-json\/wp\/v2\/pages\/32\" data-token=\"9f92f0c08d6d9c0915e7a6ccaac974f3\" data-token-time=\"1777731301\"><noscript class=\"wpforms-error-noscript\">Please enable JavaScript in your browser to complete this form.<\/noscript><div id=\"wpforms-error-noscript\" style=\"display: none;\">Please enable JavaScript in your browser to complete this form.<\/div><div class=\"wpforms-field-container\"><div id=\"wpforms-112-field_0-container\" class=\"wpforms-field wpforms-field-name\" data-field-id=\"0\"><label class=\"wpforms-field-label\" for=\"wpforms-112-field_0\">Nombre <span class=\"wpforms-required-label\" aria-hidden=\"true\">*<\/span><\/label><input type=\"text\" id=\"wpforms-112-field_0\" class=\"wpforms-field-medium wpforms-field-required\" name=\"wpforms[fields][0]\" aria-errormessage=\"wpforms-112-field_0-error\" required><\/div><div id=\"wpforms-112-field_4-container\" class=\"wpforms-field wpforms-field-name\" data-field-id=\"4\"><label class=\"wpforms-field-label\" for=\"wpforms-112-field_4\">Tel\u00e9fonos <span class=\"wpforms-required-label\" aria-hidden=\"true\">*<\/span><\/label><input type=\"text\" id=\"wpforms-112-field_4\" class=\"wpforms-field-medium wpforms-field-required\" name=\"wpforms[fields][4]\" aria-errormessage=\"wpforms-112-field_4-error\" required><\/div><div id=\"wpforms-112-field_1-container\" class=\"wpforms-field wpforms-field-email\" data-field-id=\"1\"><label class=\"wpforms-field-label\" for=\"wpforms-112-field_1\">Correo electr\u00f3nico <span class=\"wpforms-required-label\" aria-hidden=\"true\">*<\/span><\/label><input type=\"email\" id=\"wpforms-112-field_1\" class=\"wpforms-field-medium wpforms-field-required\" name=\"wpforms[fields][1]\" spellcheck=\"false\" aria-errormessage=\"wpforms-112-field_1-error\" required><\/div><div id=\"wpforms-112-field_2-container\" class=\"wpforms-field wpforms-field-textarea\" data-field-id=\"2\"><label class=\"wpforms-field-label\" for=\"wpforms-112-field_2\">Comentario o mensaje<\/label><textarea id=\"wpforms-112-field_2\" class=\"wpforms-field-small\" name=\"wpforms[fields][2]\" aria-errormessage=\"wpforms-112-field_2-error\" ><\/textarea><\/div><\/div><!-- .wpforms-field-container --><div class=\"wpforms-submit-container\" ><input type=\"hidden\" name=\"wpforms[id]\" value=\"112\"><input type=\"hidden\" name=\"page_title\" value=\"\"><input type=\"hidden\" name=\"page_url\" value=\"https:\/\/deepclean.com.gt\/index.php\/wp-json\/wp\/v2\/pages\/32\"><input type=\"hidden\" name=\"url_referer\" value=\"\"><button type=\"submit\" name=\"wpforms[submit]\" id=\"wpforms-submit-112\" class=\"wpforms-submit\" data-alt-text=\"Enviando...\" data-submit-text=\"Enviar\" aria-live=\"assertive\" value=\"wpforms-submit\">Enviar<\/button><img decoding=\"async\" src=\"https:\/\/deepclean.com.gt\/wp-content\/plugins\/wpforms-lite\/assets\/images\/submit-spin.svg\" class=\"wpforms-submit-spinner\" style=\"display: none;\" width=\"26\" height=\"26\" alt=\"Loading\"><\/div><\/form><\/div>  <!-- .wpforms-container --><\/p>\t\t\t\t\t\t\t\t<\/div>\n\t\t\t\t<\/div>\n\t\t\t\t<\/div>\n\t\t\t\t\t<\/div>\n\t\t\t\t<\/div>\n\t\t<div class=\"elementor-element elementor-element-fa5ab03 e-con-full e-flex e-con e-parent\" data-id=\"fa5ab03\" data-element_type=\"container\" data-e-type=\"container\" data-settings=\"{&quot;background_background&quot;:&quot;classic&quot;}\">\n\t\t<div class=\"elementor-element elementor-element-b0cdb91 e-con-full e-flex e-con e-child\" data-id=\"b0cdb91\" data-element_type=\"container\" data-e-type=\"container\">\n\t\t\t\t<div class=\"elementor-element elementor-element-bddbe9e elementor-widget elementor-widget-text-editor\" data-id=\"bddbe9e\" data-element_type=\"widget\" data-e-type=\"widget\" data-widget_type=\"text-editor.default\">\n\t\t\t\t<div class=\"elementor-widget-container\">\n\t\t\t\t\t\t\t\t\t<h4 style=\"text-align: center;\">Contacto<\/h4><h5 style=\"text-align: center;\"><img loading=\"lazy\" decoding=\"async\" class=\"wp-image-427 alignnone\" src=\"https:\/\/deepclean.com.gt\/wp-content\/uploads\/2024\/01\/tel2.png\" alt=\"\" width=\"30\" height=\"30\" \/>\u00a0 \u00a0PBX: +(502) 2339-1395<br \/><img loading=\"lazy\" decoding=\"async\" class=\"wp-image-428 alignnone\" src=\"https:\/\/deepclean.com.gt\/wp-content\/uploads\/2024\/01\/tel3.png\" alt=\"\" width=\"30\" height=\"30\" \/>\u00a0 \u00a0MOVILES: +(502) 5865 3301 \u2022 4583-5086<\/h5>\t\t\t\t\t\t\t\t<\/div>\n\t\t\t\t<\/div>\n\t\t\t\t<\/div>\n\t\t<div class=\"elementor-element elementor-element-1251fc3 e-con-full e-flex e-con e-child\" data-id=\"1251fc3\" data-element_type=\"container\" data-e-type=\"container\">\n\t\t\t\t<div class=\"elementor-element elementor-element-b0fcd63 elementor-widget elementor-widget-text-editor\" data-id=\"b0fcd63\" data-element_type=\"widget\" data-e-type=\"widget\" data-widget_type=\"text-editor.default\">\n\t\t\t\t<div class=\"elementor-widget-container\">\n\t\t\t\t\t\t\t\t\t<p><img loading=\"lazy\" decoding=\"async\" class=\"wp-image-135 aligncenter\" src=\"https:\/\/deepclean.com.gt\/wp-content\/uploads\/2024\/01\/logopngB.png\" alt=\"\" width=\"154\" height=\"141\" srcset=\"https:\/\/deepclean.com.gt\/wp-content\/uploads\/2024\/01\/logopngB.png 681w, https:\/\/deepclean.com.gt\/wp-content\/uploads\/2024\/01\/logopngB-300x276.png 300w\" sizes=\"(max-width: 154px) 100vw, 154px\" \/><\/p>\t\t\t\t\t\t\t\t<\/div>\n\t\t\t\t<\/div>\n\t\t\t\t<\/div>\n\t\t<div class=\"elementor-element elementor-element-0647014 e-con-full e-flex e-con e-child\" data-id=\"0647014\" data-element_type=\"container\" data-e-type=\"container\">\n\t\t\t\t<div class=\"elementor-element elementor-element-d46d88c elementor-widget elementor-widget-text-editor\" data-id=\"d46d88c\" data-element_type=\"widget\" data-e-type=\"widget\" data-widget_type=\"text-editor.default\">\n\t\t\t\t<div class=\"elementor-widget-container\">\n\t\t\t\t\t\t\t\t\t<h4 style=\"text-align: center;\">Horario de Atenci\u00f3n<\/h4><h6 style=\"text-align: center;\">Lunes a Viernes:<br \/>8:00 AM a 6:00 PM<br \/>S\u00e1bados:<br \/>8:00 AM a 12:00 PM<\/h6>\t\t\t\t\t\t\t\t<\/div>\n\t\t\t\t<\/div>\n\t\t\t\t<\/div>\n\t\t\t\t<\/div>\n\t\t\t\t<\/div>\n\t\t","protected":false},"excerpt":{"rendered":"<p>CONT\u00c1CTENOS ventas@deepclean.com.gtventas1@deepclean.com.gt Tel\u00e9fonos de oficina: 2339-1395Tel\u00e9fonos de contacto:\u00a03990-5448\u00a0WhatsApp: 3990-5448 \u00a0 Contacto \u00a0 \u00a0PBX: +(502) 2339-1395\u00a0 \u00a0MOVILES: +(502) 5865 3301 \u2022 4583-5086 Horario de Atenci\u00f3n Lunes a Viernes:8:00 AM a 6:00 PMS\u00e1bados:8:00 AM<a class=\"moretag\" href=\"https:\/\/deepclean.com.gt\/index.php\/contacto\/\">Read More&#8230;<\/a><\/p>\n","protected":false},"author":1,"featured_media":0,"parent":0,"menu_order":0,"comment_status":"closed","ping_status":"closed","template":"elementor_header_footer","meta":{"footnotes":""},"class_list":["post-32","page","type-page","status-publish","hentry"],"_links":{"self":[{"href":"https:\/\/deepclean.com.gt\/index.php\/wp-json\/wp\/v2\/pages\/32","targetHints":{"allow":["GET"]}}],"collection":[{"href":"https:\/\/deepclean.com.gt\/index.php\/wp-json\/wp\/v2\/pages"}],"about":[{"href":"https:\/\/deepclean.com.gt\/index.php\/wp-json\/wp\/v2\/types\/page"}],"author":[{"embeddable":true,"href":"https:\/\/deepclean.com.gt\/index.php\/wp-json\/wp\/v2\/users\/1"}],"replies":[{"embeddable":true,"href":"https:\/\/deepclean.com.gt\/index.php\/wp-json\/wp\/v2\/comments?post=32"}],"version-history":[{"count":58,"href":"https:\/\/deepclean.com.gt\/index.php\/wp-json\/wp\/v2\/pages\/32\/revisions"}],"predecessor-version":[{"id":651,"href":"https:\/\/deepclean.com.gt\/index.php\/wp-json\/wp\/v2\/pages\/32\/revisions\/651"}],"wp:attachment":[{"href":"https:\/\/deepclean.com.gt\/index.php\/wp-json\/wp\/v2\/media?parent=32"}],"curies":[{"name":"wp","href":"https:\/\/api.w.org\/{rel}","templated":true}]}}