{"id":31,"date":"2024-01-12T17:02:54","date_gmt":"2024-01-12T16:02:54","guid":{"rendered":"https:\/\/deepclean.com.gt\/?page_id=31"},"modified":"2024-07-26T02:29:28","modified_gmt":"2024-07-26T00:29:28","slug":"servicios","status":"publish","type":"page","link":"https:\/\/deepclean.com.gt\/index.php\/servicios\/","title":{"rendered":"SERVICIOS"},"content":{"rendered":"\t\t<div data-elementor-type=\"wp-page\" data-elementor-id=\"31\" class=\"elementor elementor-31\">\n\t\t\t\t<div class=\"elementor-element elementor-element-4cf0447 e-flex e-con-boxed e-con e-parent\" data-id=\"4cf0447\" data-element_type=\"container\" data-e-type=\"container\">\n\t\t\t\t\t<div class=\"e-con-inner\">\n\t\t<div class=\"elementor-element elementor-element-0fcfa93 e-con-full e-flex e-con e-child\" data-id=\"0fcfa93\" data-element_type=\"container\" data-e-type=\"container\">\n\t\t\t\t<div class=\"elementor-element elementor-element-de1e5eb elementor-widget elementor-widget-text-editor\" data-id=\"de1e5eb\" data-element_type=\"widget\" data-e-type=\"widget\" data-widget_type=\"text-editor.default\">\n\t\t\t\t<div class=\"elementor-widget-container\">\n\t\t\t\t\t\t\t\t\t<h5 style=\"text-align: center;\"><a href=\"https:\/\/deepclean.com.gt\/index.php\/servicios\/\"><img fetchpriority=\"high\" decoding=\"async\" class=\"wp-image-369 size-full aligncenter\" src=\"https:\/\/deepclean.com.gt\/wp-content\/uploads\/2024\/01\/servicio1a.jpg\" alt=\"\" width=\"300\" height=\"200\" \/><\/a><a href=\"https:\/\/deepclean.com.gt\/index.php\/servicios\/\"><span style=\"color: #05427b;\">MANTENIMIENTO<\/span><\/a>\u00a0 \u00a0INDUSTRIAL<\/h5><ul><li>Mantenimiento de estructuras met\u00e1licas<\/li><li>Limpieza de cisternas<\/li><li>Pintura<\/li><li>Impermeabilizaci\u00f3n<\/li><li>Jardinizaci\u00f3n<\/li><li><span style=\"text-align: var(--text-align);\">Limpieza de \u00e1reas comunes<\/span><\/li><\/ul>\t\t\t\t\t\t\t\t<\/div>\n\t\t\t\t<\/div>\n\t\t\t\t<\/div>\n\t\t<div class=\"elementor-element elementor-element-17f7d0a e-con-full e-flex e-con e-child\" data-id=\"17f7d0a\" data-element_type=\"container\" data-e-type=\"container\">\n\t\t\t\t<div class=\"elementor-element elementor-element-35cfa2a elementor-widget elementor-widget-text-editor\" data-id=\"35cfa2a\" data-element_type=\"widget\" data-e-type=\"widget\" data-widget_type=\"text-editor.default\">\n\t\t\t\t<div class=\"elementor-widget-container\">\n\t\t\t\t\t\t\t\t\t<h5 style=\"text-align: center;\"><a href=\"https:\/\/deepclean.com.gt\/index.php\/servicios\/\"><img decoding=\"async\" class=\"aligncenter wp-image-375 size-full\" src=\"https:\/\/deepclean.com.gt\/wp-content\/uploads\/2024\/01\/servicios6.jpg\" alt=\"\" width=\"300\" height=\"200\" \/><\/a><a href=\"https:\/\/deepclean.com.gt\/index.php\/servicios\/\">MANTENIMIENTO DE EDIFICIOS Y CENTROS COMERCIALES<\/a><\/h5><ul><li>Limpieza de: vidrios, fachadas, \u00e1reas comunes, parqueos<\/li><li>Dep\u00f3sitos de basura<\/li><li>Tratamientos de piso<\/li><li>Lavado de alfombras<\/li><li>Pintura<\/li><li>Jardinizaci\u00f3n<\/li><li>Impermeabilizaci\u00f3n<\/li><\/ul>\t\t\t\t\t\t\t\t<\/div>\n\t\t\t\t<\/div>\n\t\t\t\t<\/div>\n\t\t<div class=\"elementor-element elementor-element-22ea827 e-con-full e-flex e-con e-child\" data-id=\"22ea827\" data-element_type=\"container\" data-e-type=\"container\">\n\t\t\t\t<div class=\"elementor-element elementor-element-2545a13 elementor-widget elementor-widget-text-editor\" data-id=\"2545a13\" data-element_type=\"widget\" data-e-type=\"widget\" data-widget_type=\"text-editor.default\">\n\t\t\t\t<div class=\"elementor-widget-container\">\n\t\t\t\t\t\t\t\t\t<h5 style=\"text-align: center;\"><img decoding=\"async\" class=\"wp-image-374 size-full aligncenter\" src=\"https:\/\/deepclean.com.gt\/wp-content\/uploads\/2024\/01\/servicio5.jpg\" alt=\"\" width=\"300\" height=\"200\" \/><strong><span style=\"color: #05417f;\">LIMPIEZA DE OFICINAS<\/span><\/strong><\/h5><ul><li style=\"text-align: left;\">Alfombras<\/li><li style=\"text-align: left;\">Techos<\/li><li style=\"text-align: left;\">Fachadas<\/li><li style=\"text-align: left;\">Vidrios<\/li><li style=\"text-align: left;\">Parqueos<\/li><li style=\"text-align: left;\">Mantenimiento de aire acondicionado<\/li><li style=\"text-align: left;\">Pintura general<\/li><\/ul>\t\t\t\t\t\t\t\t<\/div>\n\t\t\t\t<\/div>\n\t\t\t\t<\/div>\n\t\t<div class=\"elementor-element elementor-element-bc48a51 e-con-full e-flex e-con e-child\" data-id=\"bc48a51\" data-element_type=\"container\" data-e-type=\"container\">\n\t\t\t\t<div class=\"elementor-element elementor-element-c928924 elementor-widget elementor-widget-text-editor\" data-id=\"c928924\" data-element_type=\"widget\" data-e-type=\"widget\" data-widget_type=\"text-editor.default\">\n\t\t\t\t<div class=\"elementor-widget-container\">\n\t\t\t\t\t\t\t\t\t<h5 style=\"text-align: center;\"><img loading=\"lazy\" decoding=\"async\" class=\"wp-image-377 size-full aligncenter\" src=\"https:\/\/deepclean.com.gt\/wp-content\/uploads\/2024\/01\/servicios7.jpg\" alt=\"\" width=\"300\" height=\"200\" \/><span style=\"color: #05417f;\">OUTSOURCING<\/span><\/h5><p style=\"text-align: left;\">Sub-contrataci\u00f3n de personal para \u00e1reas de:<\/p><ul><li style=\"text-align: left;\">Limpieza<\/li><li style=\"text-align: left;\">Producci\u00f3n<\/li><li style=\"text-align: left;\">Bodega<\/li><li style=\"text-align: left;\">Mantenimiento industrial<\/li><li style=\"text-align: left;\">Eventos y m\u00e1s<\/li><\/ul>\t\t\t\t\t\t\t\t<\/div>\n\t\t\t\t<\/div>\n\t\t\t\t<\/div>\n\t\t\t\t\t<\/div>\n\t\t\t\t<\/div>\n\t\t<div class=\"elementor-element elementor-element-3048032 e-flex e-con-boxed e-con e-parent\" data-id=\"3048032\" data-element_type=\"container\" data-e-type=\"container\">\n\t\t\t\t\t<div class=\"e-con-inner\">\n\t\t<div class=\"elementor-element elementor-element-55ee28a e-con-full e-flex e-con e-child\" data-id=\"55ee28a\" data-element_type=\"container\" data-e-type=\"container\">\n\t\t\t\t<div class=\"elementor-element elementor-element-ba8d20f elementor-widget elementor-widget-text-editor\" data-id=\"ba8d20f\" data-element_type=\"widget\" data-e-type=\"widget\" data-widget_type=\"text-editor.default\">\n\t\t\t\t<div class=\"elementor-widget-container\">\n\t\t\t\t\t\t\t\t\t<h3>Garant\u00eda de Servicio<\/h3><p>Reemplazo inmediato de personal en caso de ausencia de fuerza mayor o despido<br \/>Supervisiones diarias y para evaluaci\u00f3n en el desempe\u00f1o de cada uno de los integrantes en los distintos grupos de trabajo. <br \/>Entrega de cronograma semanal de actividades, as\u00ed como, reporte fotogr\u00e1fico del cumplimiento de funciones y actividades realizadas.<\/p><h4><strong><span style=\"color: #ffa200;\">P\u00d3LIZA DE GARANT\u00cdA<\/span><\/strong><br \/><strong><span style=\"color: #ffa200;\">Seguro de Responsabilidad Civil<\/span><\/strong><\/h4>\t\t\t\t\t\t\t\t<\/div>\n\t\t\t\t<\/div>\n\t\t\t\t<\/div>\n\t\t<div class=\"elementor-element elementor-element-af63d79 e-con-full e-flex e-con e-child\" data-id=\"af63d79\" data-element_type=\"container\" data-e-type=\"container\">\n\t\t\t\t<div class=\"elementor-element elementor-element-00fdf20 elementor-widget elementor-widget-text-editor\" data-id=\"00fdf20\" data-element_type=\"widget\" data-e-type=\"widget\" data-widget_type=\"text-editor.default\">\n\t\t\t\t<div class=\"elementor-widget-container\">\n\t\t\t\t\t\t\t\t\t<p style=\"text-align: center;\"><img loading=\"lazy\" decoding=\"async\" class=\"aligncenter wp-image-293 size-medium\" src=\"https:\/\/deepclean.com.gt\/wp-content\/uploads\/2024\/01\/garantia-300x300.jpg\" alt=\"\" width=\"300\" height=\"300\" srcset=\"https:\/\/deepclean.com.gt\/wp-content\/uploads\/2024\/01\/garantia-300x300.jpg 300w, https:\/\/deepclean.com.gt\/wp-content\/uploads\/2024\/01\/garantia-150x150.jpg 150w, https:\/\/deepclean.com.gt\/wp-content\/uploads\/2024\/01\/garantia.jpg 600w\" sizes=\"(max-width: 300px) 100vw, 300px\" \/><\/p>\t\t\t\t\t\t\t\t<\/div>\n\t\t\t\t<\/div>\n\t\t\t\t<\/div>\n\t\t<div class=\"elementor-element elementor-element-f144521 e-con-full e-flex e-con e-child\" data-id=\"f144521\" data-element_type=\"container\" data-e-type=\"container\">\n\t\t\t\t<div class=\"elementor-element elementor-element-678951a elementor-widget elementor-widget-text-editor\" data-id=\"678951a\" data-element_type=\"widget\" data-e-type=\"widget\" data-widget_type=\"text-editor.default\">\n\t\t\t\t<div class=\"elementor-widget-container\">\n\t\t\t\t\t\t\t\t\t<h5>Personal<\/h5><p>En DeepClean todos los colabores son importantes, por ello cada uno cuenta con todas las prestaciones de ley.<br \/>Todos los empleados son debidamente identificados.<br \/>Nuestros horarios se adaptan a cada una de las distintas necesidades de su negocio.<\/p>\t\t\t\t\t\t\t\t<\/div>\n\t\t\t\t<\/div>\n\t\t\t\t<\/div>\n\t\t\t\t\t<\/div>\n\t\t\t\t<\/div>\n\t\t<div class=\"elementor-element elementor-element-7cfad16 e-con-full e-flex e-con e-parent\" data-id=\"7cfad16\" data-element_type=\"container\" data-e-type=\"container\" data-settings=\"{&quot;background_background&quot;:&quot;classic&quot;}\">\n\t\t<div class=\"elementor-element elementor-element-d3e4044 e-con-full e-flex e-con e-child\" data-id=\"d3e4044\" data-element_type=\"container\" data-e-type=\"container\">\n\t\t\t\t<div class=\"elementor-element elementor-element-ba4e5a2 elementor-widget elementor-widget-text-editor\" data-id=\"ba4e5a2\" data-element_type=\"widget\" data-e-type=\"widget\" data-widget_type=\"text-editor.default\">\n\t\t\t\t<div class=\"elementor-widget-container\">\n\t\t\t\t\t\t\t\t\t<h4 style=\"text-align: center;\">Contacto<\/h4><h5 style=\"text-align: center;\"><img loading=\"lazy\" decoding=\"async\" class=\"wp-image-427 alignnone\" src=\"https:\/\/deepclean.com.gt\/wp-content\/uploads\/2024\/01\/tel2.png\" alt=\"\" width=\"30\" height=\"30\" \/>\u00a0 \u00a0PBX: +(502) 2339-1395<br \/><img loading=\"lazy\" decoding=\"async\" class=\"wp-image-428 alignnone\" src=\"https:\/\/deepclean.com.gt\/wp-content\/uploads\/2024\/01\/tel3.png\" alt=\"\" width=\"30\" height=\"30\" \/>\u00a0 \u00a0MOVILES: +(502) 5865 3301 \u2022 4583-5086<\/h5>\t\t\t\t\t\t\t\t<\/div>\n\t\t\t\t<\/div>\n\t\t\t\t<\/div>\n\t\t<div class=\"elementor-element elementor-element-d7d3817 e-con-full e-flex e-con e-child\" data-id=\"d7d3817\" data-element_type=\"container\" data-e-type=\"container\">\n\t\t\t\t<div class=\"elementor-element elementor-element-ad18058 elementor-widget elementor-widget-text-editor\" data-id=\"ad18058\" data-element_type=\"widget\" data-e-type=\"widget\" data-widget_type=\"text-editor.default\">\n\t\t\t\t<div class=\"elementor-widget-container\">\n\t\t\t\t\t\t\t\t\t<p><img loading=\"lazy\" decoding=\"async\" class=\"wp-image-135 aligncenter\" src=\"https:\/\/deepclean.com.gt\/wp-content\/uploads\/2024\/01\/logopngB.png\" alt=\"\" width=\"154\" height=\"141\" srcset=\"https:\/\/deepclean.com.gt\/wp-content\/uploads\/2024\/01\/logopngB.png 681w, https:\/\/deepclean.com.gt\/wp-content\/uploads\/2024\/01\/logopngB-300x276.png 300w\" sizes=\"(max-width: 154px) 100vw, 154px\" \/><\/p>\t\t\t\t\t\t\t\t<\/div>\n\t\t\t\t<\/div>\n\t\t\t\t<\/div>\n\t\t<div class=\"elementor-element elementor-element-73c6161 e-con-full e-flex e-con e-child\" data-id=\"73c6161\" data-element_type=\"container\" data-e-type=\"container\">\n\t\t\t\t<div class=\"elementor-element elementor-element-12ee019 elementor-widget elementor-widget-text-editor\" data-id=\"12ee019\" data-element_type=\"widget\" data-e-type=\"widget\" data-widget_type=\"text-editor.default\">\n\t\t\t\t<div class=\"elementor-widget-container\">\n\t\t\t\t\t\t\t\t\t<h4 style=\"text-align: center;\">Horario de Atenci\u00f3n<\/h4><h6 style=\"text-align: center;\">Lunes a Viernes:<br \/>8:00 AM a 6:00 PM<br \/>S\u00e1bados:<br \/>8:00 AM a 12:00 PM<\/h6>\t\t\t\t\t\t\t\t<\/div>\n\t\t\t\t<\/div>\n\t\t\t\t<\/div>\n\t\t\t\t<\/div>\n\t\t\t\t<\/div>\n\t\t","protected":false},"excerpt":{"rendered":"<p>MANTENIMIENTO\u00a0 \u00a0INDUSTRIAL Mantenimiento de estructuras met\u00e1licas Limpieza de cisternas Pintura Impermeabilizaci\u00f3n Jardinizaci\u00f3n Limpieza de \u00e1reas comunes MANTENIMIENTO DE EDIFICIOS Y CENTROS COMERCIALES Limpieza de: vidrios, fachadas, \u00e1reas comunes, parqueos Dep\u00f3sitos de basura<a class=\"moretag\" href=\"https:\/\/deepclean.com.gt\/index.php\/servicios\/\">Read More&#8230;<\/a><\/p>\n","protected":false},"author":1,"featured_media":0,"parent":0,"menu_order":0,"comment_status":"closed","ping_status":"closed","template":"elementor_header_footer","meta":{"footnotes":""},"class_list":["post-31","page","type-page","status-publish","hentry"],"_links":{"self":[{"href":"https:\/\/deepclean.com.gt\/index.php\/wp-json\/wp\/v2\/pages\/31","targetHints":{"allow":["GET"]}}],"collection":[{"href":"https:\/\/deepclean.com.gt\/index.php\/wp-json\/wp\/v2\/pages"}],"about":[{"href":"https:\/\/deepclean.com.gt\/index.php\/wp-json\/wp\/v2\/types\/page"}],"author":[{"embeddable":true,"href":"https:\/\/deepclean.com.gt\/index.php\/wp-json\/wp\/v2\/users\/1"}],"replies":[{"embeddable":true,"href":"https:\/\/deepclean.com.gt\/index.php\/wp-json\/wp\/v2\/comments?post=31"}],"version-history":[{"count":115,"href":"https:\/\/deepclean.com.gt\/index.php\/wp-json\/wp\/v2\/pages\/31\/revisions"}],"predecessor-version":[{"id":658,"href":"https:\/\/deepclean.com.gt\/index.php\/wp-json\/wp\/v2\/pages\/31\/revisions\/658"}],"wp:attachment":[{"href":"https:\/\/deepclean.com.gt\/index.php\/wp-json\/wp\/v2\/media?parent=31"}],"curies":[{"name":"wp","href":"https:\/\/api.w.org\/{rel}","templated":true}]}}