{"id":30,"date":"2024-01-12T17:02:47","date_gmt":"2024-01-12T16:02:47","guid":{"rendered":"https:\/\/deepclean.com.gt\/?page_id=30"},"modified":"2024-01-18T04:42:33","modified_gmt":"2024-01-18T03:42:33","slug":"nosotros","status":"publish","type":"page","link":"https:\/\/deepclean.com.gt\/index.php\/nosotros\/","title":{"rendered":"NOSOTROS"},"content":{"rendered":"\t\t<div data-elementor-type=\"wp-page\" data-elementor-id=\"30\" class=\"elementor elementor-30\">\n\t\t\t\t<div class=\"elementor-element elementor-element-ec59800 e-con-full e-flex e-con e-parent\" data-id=\"ec59800\" data-element_type=\"container\" data-e-type=\"container\">\n\t\t\t\t<div class=\"elementor-element elementor-element-2e36137 elementor-widget elementor-widget-image\" data-id=\"2e36137\" data-element_type=\"widget\" data-e-type=\"widget\" data-widget_type=\"image.default\">\n\t\t\t\t<div class=\"elementor-widget-container\">\n\t\t\t\t\t\t\t\t\t\t\t\t\t\t\t<img fetchpriority=\"high\" decoding=\"async\" width=\"1816\" height=\"350\" src=\"https:\/\/deepclean.com.gt\/wp-content\/uploads\/2024\/01\/nosotros1A.jpg\" class=\"attachment-full size-full wp-image-187\" alt=\"\" srcset=\"https:\/\/deepclean.com.gt\/wp-content\/uploads\/2024\/01\/nosotros1A.jpg 1816w, https:\/\/deepclean.com.gt\/wp-content\/uploads\/2024\/01\/nosotros1A-300x58.jpg 300w, https:\/\/deepclean.com.gt\/wp-content\/uploads\/2024\/01\/nosotros1A-1024x197.jpg 1024w, https:\/\/deepclean.com.gt\/wp-content\/uploads\/2024\/01\/nosotros1A-768x148.jpg 768w, https:\/\/deepclean.com.gt\/wp-content\/uploads\/2024\/01\/nosotros1A-1536x296.jpg 1536w\" sizes=\"(max-width: 1816px) 100vw, 1816px\" \/>\t\t\t\t\t\t\t\t\t\t\t\t\t\t\t<\/div>\n\t\t\t\t<\/div>\n\t\t\t\t<\/div>\n\t\t<div class=\"elementor-element elementor-element-1120d71 e-flex e-con-boxed e-con e-parent\" data-id=\"1120d71\" data-element_type=\"container\" data-e-type=\"container\" data-settings=\"{&quot;background_background&quot;:&quot;classic&quot;}\">\n\t\t\t\t\t<div class=\"e-con-inner\">\n\t\t\t\t<div class=\"elementor-element elementor-element-3a44e10 elementor-widget elementor-widget-text-editor\" data-id=\"3a44e10\" data-element_type=\"widget\" data-e-type=\"widget\" data-widget_type=\"text-editor.default\">\n\t\t\t\t<div class=\"elementor-widget-container\">\n\t\t\t\t\t\t\t\t\t<p>Somos una empresa joven, comprometida con brindar servicios de alta calidad que se adaptan a las necesidades \u00fanicas de nuestros clientes, con actitud de servicio, una sonrisa y adaptabilidad. Trabajamos paquetes adecuados a las distintas necesidades de su negocio, cada servicio se trabaja meticulosamente para abordar y enfrentar desaf\u00edos diarios y cumplimiento de metas y objetivos empresariales.<\/p><p>Ponemos a su disposici\u00f3n servicios tales como; personal fijo en mantenimiento, personal por d\u00eda en limpieza de oficinas, lavado de alfombras, limpieza de vidrios, lavado profundo de cocinas, personal para l\u00edneas de producci\u00f3n, mantenimiento de \u00e1reas verdes y \u00e1reas comunes.<\/p>\t\t\t\t\t\t\t\t<\/div>\n\t\t\t\t<\/div>\n\t\t\t\t\t<\/div>\n\t\t\t\t<\/div>\n\t\t<div class=\"elementor-element elementor-element-3f8ff63 e-flex e-con-boxed e-con e-parent\" data-id=\"3f8ff63\" data-element_type=\"container\" data-e-type=\"container\" data-settings=\"{&quot;background_background&quot;:&quot;classic&quot;}\">\n\t\t\t\t\t<div class=\"e-con-inner\">\n\t\t\t\t<div class=\"elementor-element elementor-element-4b69016 elementor-widget elementor-widget-text-editor\" data-id=\"4b69016\" data-element_type=\"widget\" data-e-type=\"widget\" data-widget_type=\"text-editor.default\">\n\t\t\t\t<div class=\"elementor-widget-container\">\n\t\t\t\t\t\t\t\t\t<h4>Nuestros servicios incluyen:<\/h4>\t\t\t\t\t\t\t\t<\/div>\n\t\t\t\t<\/div>\n\t\t\t\t\t<\/div>\n\t\t\t\t<\/div>\n\t\t<div class=\"elementor-element elementor-element-8e5e466 e-flex e-con-boxed e-con e-parent\" data-id=\"8e5e466\" data-element_type=\"container\" data-e-type=\"container\" data-settings=\"{&quot;background_background&quot;:&quot;classic&quot;}\">\n\t\t\t\t\t<div class=\"e-con-inner\">\n\t\t<div class=\"elementor-element elementor-element-d1fafb2 e-con-full e-flex e-con e-child\" data-id=\"d1fafb2\" data-element_type=\"container\" data-e-type=\"container\">\n\t\t\t\t<div class=\"elementor-element elementor-element-47c4fd1 elementor-widget elementor-widget-text-editor\" data-id=\"47c4fd1\" data-element_type=\"widget\" data-e-type=\"widget\" data-widget_type=\"text-editor.default\">\n\t\t\t\t<div class=\"elementor-widget-container\">\n\t\t\t\t\t\t\t\t\t<h5><strong>Personalizaci\u00f3n:<\/strong><\/h5><p>Entendemos que cada negocio es \u00fanico por eso con OUTSOURCING DC podemos personalizar todo servicio para alinearse con sus metas y objetivos. Nuestro equipo trabajar\u00e1 estrechamente con usted para garantizar que satisfaga sus necesidades espec\u00edficas.<\/p><h5><strong>Eficiencia:<\/strong><\/h5><p>OUTSOURCING DC est\u00e1 dise\u00f1ado para optimizar los procesos, aumentar la productividad y reducir los costos operativos de reclutamiento. De esta forma, buscamos reducir esfuerzos en la b\u00fasqueda de personal para las distintas \u00e1reas de mantenimiento y garantizar as\u00ed la continuidad las labores de manera eficiente y efectiva, con personal capacitado en atenci\u00f3n y servicio al cliente.<\/p><h5>Soporte Experto:<\/h5><p>Nuestro equipo dedicado de profesionales esta disponible para brindar soporte continuo. El personal se encuentra capacitado para apoyarle 24\/7 con la mejor actitud en todo momento.<\/p>\t\t\t\t\t\t\t\t<\/div>\n\t\t\t\t<\/div>\n\t\t\t\t<\/div>\n\t\t<div class=\"elementor-element elementor-element-2a95a8e e-con-full e-flex e-con e-child\" data-id=\"2a95a8e\" data-element_type=\"container\" data-e-type=\"container\">\n\t\t\t\t<div class=\"elementor-element elementor-element-a432687 elementor-widget elementor-widget-text-editor\" data-id=\"a432687\" data-element_type=\"widget\" data-e-type=\"widget\" data-widget_type=\"text-editor.default\">\n\t\t\t\t<div class=\"elementor-widget-container\">\n\t\t\t\t\t\t\t\t\t<h5>Escalabilidad:<\/h5><p>A medida que su negocio crece, OutDC lo hace con usted. Es lo suficientemente flexible para adaptarse a las demandas cambiantes del mercado, lo que le garantiza siempre estar preparado para cualquier eventualidad.<\/p><h5>Rentabilidad:<\/h5><p>Entendemos la importancia de un presupuesto razonable, nuestra garant\u00eda le ofrece ahorro en tiempo, esfuerzo, procesos y tr\u00e1mites administrativos. Todos nuestros colaboradores cuentan con prestaciones del ley, garantizando as\u00ed, que todo proceso y contrataci\u00f3n sea eficiente y transparente.<\/p><p>\u00a0<\/p><h3 style=\"text-align: center;\"><span style=\"color: #ffa200;\">Ahorra: tiempo, gestiones, recursos y dinero con nuestros servicios.<\/span><\/h3>\t\t\t\t\t\t\t\t<\/div>\n\t\t\t\t<\/div>\n\t\t\t\t<\/div>\n\t\t\t\t\t<\/div>\n\t\t\t\t<\/div>\n\t\t<div class=\"elementor-element elementor-element-7c37597 e-flex e-con-boxed e-con e-parent\" data-id=\"7c37597\" data-element_type=\"container\" data-e-type=\"container\" data-settings=\"{&quot;background_background&quot;:&quot;classic&quot;}\">\n\t\t\t\t\t<div class=\"e-con-inner\">\n\t\t<div class=\"elementor-element elementor-element-03a00aa e-con-full e-flex e-con e-child\" data-id=\"03a00aa\" data-element_type=\"container\" data-e-type=\"container\">\n\t\t\t\t<div class=\"elementor-element elementor-element-081f373 elementor-widget elementor-widget-text-editor\" data-id=\"081f373\" data-element_type=\"widget\" data-e-type=\"widget\" data-widget_type=\"text-editor.default\">\n\t\t\t\t<div class=\"elementor-widget-container\">\n\t\t\t\t\t\t\t\t\t<h2>Outsourcing<\/h2><h6>Es una t\u00e9cnica innovadora de administraci\u00f3n, que le permite transferir a terceros ciertos procesos complementarios que no forman parte del giro principal del negocio, permitiendo la concentraci\u00f3n de los esfuerzos en las actividades esenciales a fin de obtener competitividad y resultados tangibles.<\/h6>\t\t\t\t\t\t\t\t<\/div>\n\t\t\t\t<\/div>\n\t\t\t\t<\/div>\n\t\t<div class=\"elementor-element elementor-element-17c4fed e-con-full e-flex e-con e-child\" data-id=\"17c4fed\" data-element_type=\"container\" data-e-type=\"container\">\n\t\t\t\t<div class=\"elementor-element elementor-element-4edf0ec elementor-widget elementor-widget-text-editor\" data-id=\"4edf0ec\" data-element_type=\"widget\" data-e-type=\"widget\" data-widget_type=\"text-editor.default\">\n\t\t\t\t<div class=\"elementor-widget-container\">\n\t\t\t\t\t\t\t\t\t<p><img decoding=\"async\" class=\"aligncenter wp-image-256\" src=\"https:\/\/deepclean.com.gt\/wp-content\/uploads\/2024\/01\/nosotros2C.jpg\" alt=\"\" width=\"399\" height=\"246\" srcset=\"https:\/\/deepclean.com.gt\/wp-content\/uploads\/2024\/01\/nosotros2C.jpg 500w, https:\/\/deepclean.com.gt\/wp-content\/uploads\/2024\/01\/nosotros2C-300x185.jpg 300w\" sizes=\"(max-width: 399px) 100vw, 399px\" \/><\/p>\t\t\t\t\t\t\t\t<\/div>\n\t\t\t\t<\/div>\n\t\t\t\t<\/div>\n\t\t\t\t\t<\/div>\n\t\t\t\t<\/div>\n\t\t<div class=\"elementor-element elementor-element-2385b2f e-con-full e-flex e-con e-parent\" data-id=\"2385b2f\" data-element_type=\"container\" data-e-type=\"container\" data-settings=\"{&quot;background_background&quot;:&quot;classic&quot;}\">\n\t\t<div class=\"elementor-element elementor-element-2d7bab9 e-con-full e-flex e-con e-child\" data-id=\"2d7bab9\" data-element_type=\"container\" data-e-type=\"container\">\n\t\t\t\t<div class=\"elementor-element elementor-element-706268f elementor-widget elementor-widget-text-editor\" data-id=\"706268f\" data-element_type=\"widget\" data-e-type=\"widget\" data-widget_type=\"text-editor.default\">\n\t\t\t\t<div class=\"elementor-widget-container\">\n\t\t\t\t\t\t\t\t\t<h4 style=\"text-align: center;\">Contacto<\/h4><h5 style=\"text-align: center;\"><img decoding=\"async\" class=\"wp-image-427 alignnone\" src=\"https:\/\/deepclean.com.gt\/wp-content\/uploads\/2024\/01\/tel2.png\" alt=\"\" width=\"30\" height=\"30\" \/>\u00a0 \u00a0PBX: +(502) 2339-1395<br \/><img loading=\"lazy\" decoding=\"async\" class=\"wp-image-428 alignnone\" src=\"https:\/\/deepclean.com.gt\/wp-content\/uploads\/2024\/01\/tel3.png\" alt=\"\" width=\"30\" height=\"30\" \/>\u00a0 \u00a0MOVILES: +(502) 5865 3301 \u2022 4583-5086<\/h5>\t\t\t\t\t\t\t\t<\/div>\n\t\t\t\t<\/div>\n\t\t\t\t<\/div>\n\t\t<div class=\"elementor-element elementor-element-406bfe3 e-con-full e-flex e-con e-child\" data-id=\"406bfe3\" data-element_type=\"container\" data-e-type=\"container\">\n\t\t\t\t<div class=\"elementor-element elementor-element-4e69e0f elementor-widget elementor-widget-text-editor\" data-id=\"4e69e0f\" data-element_type=\"widget\" data-e-type=\"widget\" data-widget_type=\"text-editor.default\">\n\t\t\t\t<div class=\"elementor-widget-container\">\n\t\t\t\t\t\t\t\t\t<p><img loading=\"lazy\" decoding=\"async\" class=\"wp-image-135 aligncenter\" src=\"https:\/\/deepclean.com.gt\/wp-content\/uploads\/2024\/01\/logopngB.png\" alt=\"\" width=\"154\" height=\"141\" srcset=\"https:\/\/deepclean.com.gt\/wp-content\/uploads\/2024\/01\/logopngB.png 681w, https:\/\/deepclean.com.gt\/wp-content\/uploads\/2024\/01\/logopngB-300x276.png 300w\" sizes=\"(max-width: 154px) 100vw, 154px\" \/><\/p>\t\t\t\t\t\t\t\t<\/div>\n\t\t\t\t<\/div>\n\t\t\t\t<\/div>\n\t\t<div class=\"elementor-element elementor-element-8d8dad0 e-con-full e-flex e-con e-child\" data-id=\"8d8dad0\" data-element_type=\"container\" data-e-type=\"container\">\n\t\t\t\t<div class=\"elementor-element elementor-element-2daf89d elementor-widget elementor-widget-text-editor\" data-id=\"2daf89d\" data-element_type=\"widget\" data-e-type=\"widget\" data-widget_type=\"text-editor.default\">\n\t\t\t\t<div class=\"elementor-widget-container\">\n\t\t\t\t\t\t\t\t\t<h4 style=\"text-align: center;\">Horario de Atenci\u00f3n<\/h4><h6 style=\"text-align: center;\">Lunes a Viernes:<br \/>8:00 AM a 6:00 PM<br \/>S\u00e1bados:<br \/>8:00 AM a 12:00 PM<\/h6>\t\t\t\t\t\t\t\t<\/div>\n\t\t\t\t<\/div>\n\t\t\t\t<\/div>\n\t\t\t\t<\/div>\n\t\t\t\t<\/div>\n\t\t","protected":false},"excerpt":{"rendered":"<p>Somos una empresa joven, comprometida con brindar servicios de alta calidad que se adaptan a las necesidades \u00fanicas de nuestros clientes, con actitud de servicio, una sonrisa y adaptabilidad. Trabajamos paquetes adecuados<a class=\"moretag\" href=\"https:\/\/deepclean.com.gt\/index.php\/nosotros\/\">Read More&#8230;<\/a><\/p>\n","protected":false},"author":1,"featured_media":0,"parent":0,"menu_order":0,"comment_status":"closed","ping_status":"closed","template":"elementor_header_footer","meta":{"footnotes":""},"class_list":["post-30","page","type-page","status-publish","hentry"],"_links":{"self":[{"href":"https:\/\/deepclean.com.gt\/index.php\/wp-json\/wp\/v2\/pages\/30","targetHints":{"allow":["GET"]}}],"collection":[{"href":"https:\/\/deepclean.com.gt\/index.php\/wp-json\/wp\/v2\/pages"}],"about":[{"href":"https:\/\/deepclean.com.gt\/index.php\/wp-json\/wp\/v2\/types\/page"}],"author":[{"embeddable":true,"href":"https:\/\/deepclean.com.gt\/index.php\/wp-json\/wp\/v2\/users\/1"}],"replies":[{"embeddable":true,"href":"https:\/\/deepclean.com.gt\/index.php\/wp-json\/wp\/v2\/comments?post=30"}],"version-history":[{"count":97,"href":"https:\/\/deepclean.com.gt\/index.php\/wp-json\/wp\/v2\/pages\/30\/revisions"}],"predecessor-version":[{"id":497,"href":"https:\/\/deepclean.com.gt\/index.php\/wp-json\/wp\/v2\/pages\/30\/revisions\/497"}],"wp:attachment":[{"href":"https:\/\/deepclean.com.gt\/index.php\/wp-json\/wp\/v2\/media?parent=30"}],"curies":[{"name":"wp","href":"https:\/\/api.w.org\/{rel}","templated":true}]}}